{"id":62,"date":"2025-09-02T17:29:46","date_gmt":"2025-09-02T17:29:46","guid":{"rendered":"https:\/\/adc.lu\/blog\/"},"modified":"2025-10-20T23:04:52","modified_gmt":"2025-10-20T21:04:52","slug":"projets","status":"publish","type":"page","link":"https:\/\/adc.lu\/en\/projets\/","title":{"rendered":"Projects"},"content":{"rendered":"<div class=\"wp-block-uagb-separator uagb-block-86d8c6e8\"><div class=\"wp-block-uagb-separator__inner\" style=\"--my-background-image:\"><\/div><\/div>\n\n\n<form role=\"search\" method=\"get\" action=\"https:\/\/adc.lu\/en\/\" class=\"wp-block-search__button-outside wp-block-search__text-button wp-block-search\" data-trp-original-action=\"https:\/\/adc.lu\/en\/\"    ><label class=\"wp-block-search__label screen-reader-text\" for=\"wp-block-search__input-1\" >Search<\/label><div class=\"wp-block-search__inside-wrapper\" ><input class=\"wp-block-search__input\" id=\"wp-block-search__input-1\" placeholder=\"Look for an article...\" value=\"\" type=\"search\" name=\"s\" required \/><button aria-label=\"Search\" class=\"wp-block-search__button wp-element-button\" type=\"submit\" >Search<\/button><\/div><input type=\"hidden\" name=\"trp-form-language\" value=\"en\"\/><\/form>\n\n\n<h3 class=\"wp-block-heading\">Upcoming<\/h3>\n\n\n<ul class=\"wp-block-latest-posts__list wp-block-latest-posts\"><\/ul>\n\n\n<h3 class=\"wp-block-heading\">Past<\/h3>\n\n\n<ul class=\"wp-block-latest-posts__list wp-block-latest-posts\"><li><div class=\"wp-block-latest-posts__featured-image aligncenter\"><img loading=\"lazy\" decoding=\"async\" width=\"300\" height=\"193\" src=\"https:\/\/adc.lu\/wp-content\/uploads\/2025\/10\/1679px-Kandinsky_-_Jaune_Rouge_Bleu-300x193.jpg\" class=\"attachment-medium size-medium wp-post-image\" alt=\"Jaune Rouge Bleu - Kandinsky (1925)\" style=\"\" srcset=\"https:\/\/adc.lu\/wp-content\/uploads\/2025\/10\/1679px-Kandinsky_-_Jaune_Rouge_Bleu-300x193.jpg 300w, https:\/\/adc.lu\/wp-content\/uploads\/2025\/10\/1679px-Kandinsky_-_Jaune_Rouge_Bleu-1024x659.jpg 1024w, https:\/\/adc.lu\/wp-content\/uploads\/2025\/10\/1679px-Kandinsky_-_Jaune_Rouge_Bleu-768x494.jpg 768w, https:\/\/adc.lu\/wp-content\/uploads\/2025\/10\/1679px-Kandinsky_-_Jaune_Rouge_Bleu-1536x988.jpg 1536w, https:\/\/adc.lu\/wp-content\/uploads\/2025\/10\/1679px-Kandinsky_-_Jaune_Rouge_Bleu-1200x772.jpg 1200w, https:\/\/adc.lu\/wp-content\/uploads\/2025\/10\/1679px-Kandinsky_-_Jaune_Rouge_Bleu-600x386.jpg 600w, https:\/\/adc.lu\/wp-content\/uploads\/2025\/10\/1679px-Kandinsky_-_Jaune_Rouge_Bleu.jpg 1679w\" sizes=\"auto, (max-width: 300px) 100vw, 300px\" \/><\/div><a class=\"wp-block-latest-posts__post-title\" href=\"https:\/\/adc.lu\/en\/2025\/10\/20\/visite-guidee-kandinsky-la-musique-des-couleurs\/\">Guided visit at the Philharmonie de Paris - Kadinsky, the music of colors<\/a><div class=\"wp-block-latest-posts__post-excerpt\">Novembre 2025 &#8211; Janvier 2026 \ud83c\uddec\ud83c\udde7 Not French-speaking? We may arrange a visit in English! Please do contact us. \u201dMusicalement, le bleu clair s\u2019apparente \u00e0 la fl\u00fbte; le fonc\u00e9 au\u2026 <a class=\"wp-block-latest-posts__read-more\" href=\"https:\/\/adc.lu\/en\/2025\/10\/20\/visite-guidee-kandinsky-la-musique-des-couleurs\/\" rel=\"noopener noreferrer\">Read more<span class=\"screen-reader-text\">: Visite guid\u00e9e \u00e0 la Philharmonie de Paris &#8211; Kandinsky, la musique des couleurs<\/span><\/a><\/div><\/li>\n<\/ul>\n\n\n<p class=\"wp-block-paragraph\"><\/p>","protected":false},"excerpt":{"rendered":"<p>A venir Pass\u00e9s<\/p>","protected":false},"author":1,"featured_media":0,"parent":0,"menu_order":0,"comment_status":"closed","ping_status":"closed","template":"","meta":{"_crdt_document":"","_uag_custom_page_level_css":"","episode_type":"","audio_file":"","podmotor_file_id":"","podmotor_episode_id":"","cover_image":"","cover_image_id":"","duration":"","filesize":"","filesize_raw":"","date_recorded":"","explicit":"","block":"","itunes_episode_number":"","itunes_title":"","itunes_season_number":"","itunes_episode_type":"","footnotes":""},"class_list":["post-62","page","type-page","status-publish","hentry"],"uagb_featured_image_src":{"full":false,"thumbnail":false,"medium":false,"medium_large":false,"large":false,"1536x1536":false,"2048x2048":false,"trp-custom-language-flag":false,"post-thumbnail":false,"twentytwenty-fullscreen":false,"woocommerce_thumbnail":false,"woocommerce_single":false,"woocommerce_gallery_thumbnail":false},"uagb_author_info":{"display_name":"admin","author_link":"https:\/\/adc.lu\/en\/author\/admin\/"},"uagb_comment_info":0,"uagb_excerpt":"A venir Pass\u00e9s","_links":{"self":[{"href":"https:\/\/adc.lu\/en\/wp-json\/wp\/v2\/pages\/62","targetHints":{"allow":["GET"]}}],"collection":[{"href":"https:\/\/adc.lu\/en\/wp-json\/wp\/v2\/pages"}],"about":[{"href":"https:\/\/adc.lu\/en\/wp-json\/wp\/v2\/types\/page"}],"author":[{"embeddable":true,"href":"https:\/\/adc.lu\/en\/wp-json\/wp\/v2\/users\/1"}],"replies":[{"embeddable":true,"href":"https:\/\/adc.lu\/en\/wp-json\/wp\/v2\/comments?post=62"}],"version-history":[{"count":7,"href":"https:\/\/adc.lu\/en\/wp-json\/wp\/v2\/pages\/62\/revisions"}],"predecessor-version":[{"id":427,"href":"https:\/\/adc.lu\/en\/wp-json\/wp\/v2\/pages\/62\/revisions\/427"}],"wp:attachment":[{"href":"https:\/\/adc.lu\/en\/wp-json\/wp\/v2\/media?parent=62"}],"curies":[{"name":"wp","href":"https:\/\/api.w.org\/{rel}","templated":true}]}}