{"id":441,"date":"2025-10-21T09:33:18","date_gmt":"2025-10-21T07:33:18","guid":{"rendered":"https:\/\/adc.lu\/?page_id=441"},"modified":"2025-10-21T09:37:17","modified_gmt":"2025-10-21T07:37:17","slug":"articles","status":"publish","type":"page","link":"https:\/\/adc.lu\/en\/articles\/","title":{"rendered":"Articles"},"content":{"rendered":"<div class=\"wp-block-uagb-separator uagb-block-07fe9bf8\"><div class=\"wp-block-uagb-separator__inner\" style=\"--my-background-image:\"><\/div><\/div>\n\n\n<form role=\"search\" method=\"get\" action=\"https:\/\/adc.lu\/en\/\" class=\"wp-block-search__button-outside wp-block-search__text-button wp-block-search\" data-trp-original-action=\"https:\/\/adc.lu\/en\/\"    ><label class=\"wp-block-search__label screen-reader-text\" for=\"wp-block-search__input-1\" >Search<\/label><div class=\"wp-block-search__inside-wrapper\" ><input class=\"wp-block-search__input\" id=\"wp-block-search__input-1\" placeholder=\"Look for an article\" value=\"\" type=\"search\" name=\"s\" required \/><button aria-label=\"Search\" class=\"wp-block-search__button wp-element-button\" type=\"submit\" >Search<\/button><\/div><input type=\"hidden\" name=\"trp-form-language\" value=\"en\"\/><\/form>\n\n<ul class=\"wp-block-latest-posts__list wp-block-latest-posts\"><li><div class=\"wp-block-latest-posts__featured-image aligncenter\"><img loading=\"lazy\" decoding=\"async\" width=\"300\" height=\"168\" src=\"https:\/\/adc.lu\/wp-content\/uploads\/2025\/10\/9527748181_c21fe674b8_k-300x168.jpg\" class=\"attachment-medium size-medium wp-post-image\" alt=\"Vue du ch\u00e2teau d&#039;Alcal\u00e1 la Real\" style=\"\" srcset=\"https:\/\/adc.lu\/wp-content\/uploads\/2025\/10\/9527748181_c21fe674b8_k-300x168.jpg 300w, https:\/\/adc.lu\/wp-content\/uploads\/2025\/10\/9527748181_c21fe674b8_k-1024x572.jpg 1024w, https:\/\/adc.lu\/wp-content\/uploads\/2025\/10\/9527748181_c21fe674b8_k-768x429.jpg 768w, https:\/\/adc.lu\/wp-content\/uploads\/2025\/10\/9527748181_c21fe674b8_k-1536x858.jpg 1536w, https:\/\/adc.lu\/wp-content\/uploads\/2025\/10\/9527748181_c21fe674b8_k-18x10.jpg 18w, https:\/\/adc.lu\/wp-content\/uploads\/2025\/10\/9527748181_c21fe674b8_k-1200x671.jpg 1200w, https:\/\/adc.lu\/wp-content\/uploads\/2025\/10\/9527748181_c21fe674b8_k-1980x1107.jpg 1980w, https:\/\/adc.lu\/wp-content\/uploads\/2025\/10\/9527748181_c21fe674b8_k-600x335.jpg 600w, https:\/\/adc.lu\/wp-content\/uploads\/2025\/10\/9527748181_c21fe674b8_k.jpg 2047w\" sizes=\"auto, (max-width: 300px) 100vw, 300px\" \/><\/div><a class=\"wp-block-latest-posts__post-title\" href=\"https:\/\/adc.lu\/en\/2025\/10\/21\/micro-a-granada-viii-congreso-internacional-de-sinestesia\/\">Synesthesia at Alcal\u00e1 &#8211; VIII Congreso Internacional De Sinestesia<\/a><div class=\"wp-block-latest-posts__post-excerpt\">OCTOBRE 2025 Du 23 au 25 octobre 2025, l\u2019Atelier des Correspondances s\u2019est invit\u00e9 au congr\u00e8s international de synesth\u00e9sie \u00e0 Alcal\u00e1 la Real. Pr\u00e8s de quinze nationalit\u00e9s se sont rassembl\u00e9 dans\u2026 <a class=\"wp-block-latest-posts__read-more\" href=\"https:\/\/adc.lu\/en\/2025\/10\/21\/micro-a-granada-viii-congreso-internacional-de-sinestesia\/\" rel=\"noopener noreferrer\">Read more<span class=\"screen-reader-text\">: Synesthesia at Alcal\u00e1 &#8211; VIII Congreso Internacional De Sinestesia<\/span><\/a><\/div><\/li>\n<\/ul>","protected":false},"excerpt":{"rendered":"","protected":false},"author":1,"featured_media":0,"parent":0,"menu_order":0,"comment_status":"closed","ping_status":"closed","template":"","meta":{"_crdt_document":"","_uag_custom_page_level_css":"","episode_type":"","audio_file":"","podmotor_file_id":"","podmotor_episode_id":"","cover_image":"","cover_image_id":"","duration":"","filesize":"","filesize_raw":"","date_recorded":"","explicit":"","block":"","itunes_episode_number":"","itunes_title":"","itunes_season_number":"","itunes_episode_type":"","footnotes":""},"class_list":["post-441","page","type-page","status-publish","hentry"],"uagb_featured_image_src":{"full":false,"thumbnail":false,"medium":false,"medium_large":false,"large":false,"1536x1536":false,"2048x2048":false,"trp-custom-language-flag":false,"post-thumbnail":false,"twentytwenty-fullscreen":false,"woocommerce_thumbnail":false,"woocommerce_single":false,"woocommerce_gallery_thumbnail":false},"uagb_author_info":{"display_name":"admin","author_link":"https:\/\/adc.lu\/en\/author\/admin\/"},"uagb_comment_info":0,"uagb_excerpt":null,"_links":{"self":[{"href":"https:\/\/adc.lu\/en\/wp-json\/wp\/v2\/pages\/441","targetHints":{"allow":["GET"]}}],"collection":[{"href":"https:\/\/adc.lu\/en\/wp-json\/wp\/v2\/pages"}],"about":[{"href":"https:\/\/adc.lu\/en\/wp-json\/wp\/v2\/types\/page"}],"author":[{"embeddable":true,"href":"https:\/\/adc.lu\/en\/wp-json\/wp\/v2\/users\/1"}],"replies":[{"embeddable":true,"href":"https:\/\/adc.lu\/en\/wp-json\/wp\/v2\/comments?post=441"}],"version-history":[{"count":3,"href":"https:\/\/adc.lu\/en\/wp-json\/wp\/v2\/pages\/441\/revisions"}],"predecessor-version":[{"id":449,"href":"https:\/\/adc.lu\/en\/wp-json\/wp\/v2\/pages\/441\/revisions\/449"}],"wp:attachment":[{"href":"https:\/\/adc.lu\/en\/wp-json\/wp\/v2\/media?parent=441"}],"curies":[{"name":"wp","href":"https:\/\/api.w.org\/{rel}","templated":true}]}}