{"id":55,"date":"2025-09-02T17:29:37","date_gmt":"2025-09-02T17:29:37","guid":{"rendered":"https:\/\/adc.lu\/home\/"},"modified":"2025-10-27T15:39:31","modified_gmt":"2025-10-27T14:39:31","slug":"home","status":"publish","type":"page","link":"http:\/\/adc.lu\/en\/","title":{"rendered":"Welcome to the Atelier"},"content":{"rendered":"<div class=\"wp-block-uagb-separator uagb-block-af6b0dcd\"><div class=\"wp-block-uagb-separator__inner\" style=\"--my-background-image:\"><\/div><\/div>\n\n\n\n<p class=\"wp-block-paragraph\">The Atelier des Correspondances welcomes you into its world. Our association aims to promote the dialogue between different art forms. Have you ever wondered what you truly feel during a concert or when standing before a painting? We have<\/p>\n\n\n\n<p class=\"wp-block-paragraph\">Painting, music, dance, theatre, poetry\u2026 every means is welcome to break down the barriers between these disciplines: concerts, exhibitions, documentaries, residencies, and more. Whether you are an artist or part of the audience, let yourself be carried away by our projects!<\/p>\n\n\n\n<div class=\"wp-block-uagb-separator uagb-block-34a9b7eb\"><div class=\"wp-block-uagb-separator__inner\" style=\"--my-background-image:\"><\/div><\/div>\n\n\n\n<div class=\"wp-block-uagb-advanced-heading uagb-block-8e7a2853\"><h2 class=\"uagb-heading-text\">Proposals<\/h2><\/div>\n\n\n\n<div class=\"wp-block-uagb-container uagb-block-10782bfd alignfull uagb-is-root-container\"><div class=\"uagb-container-inner-blocks-wrap\">\n<div data-aos= \"fade-left\" data-aos-duration=\"400\" data-aos-delay=\"0\" data-aos-easing=\"ease\" data-aos-once=\"true\" class=\"wp-block-uagb-container uagb-block-945c8929\">\n<p class=\"wp-block-paragraph\">At the Atelier des Correspondances, we offer a space where artists and art lovers can come together and explore beauty through multidisciplinary artistic projects.<br><\/p>\n<\/div>\n\n\n\n<div data-aos= \"fade-left\" data-aos-duration=\"400\" data-aos-delay=\"0\" data-aos-easing=\"ease\" data-aos-once=\"true\" class=\"wp-block-uagb-container uagb-block-46440d4b\">\n<div class=\"wp-block-uagb-image uagb-block-9235919d wp-block-uagb-image--layout-default wp-block-uagb-image--effect-static wp-block-uagb-image--align-none\"><figure class=\"wp-block-uagb-image__figure\"><img decoding=\"async\" srcset=\"http:\/\/adc.lu\/wp-content\/uploads\/2025\/10\/1.png ,http:\/\/adc.lu\/wp-content\/uploads\/2025\/10\/1.png 780w, http:\/\/adc.lu\/wp-content\/uploads\/2025\/10\/1.png 360w\" sizes=\"auto, (max-width: 480px) 150px\" src=\"http:\/\/adc.lu\/wp-content\/uploads\/2025\/10\/1.png\" alt=\"ADC circle logo\" class=\"uag-image-283\" width=\"500\" height=\"500\" title=\"ADC circle logo\" loading=\"lazy\" role=\"img\"\/><figcaption class=\"uagb-image-caption\">Workshops and events<\/figcaption><\/figure><\/div>\n<\/div>\n\n\n\n<div data-aos= \"fade-left\" data-aos-duration=\"400\" data-aos-delay=\"0\" data-aos-easing=\"ease\" data-aos-once=\"true\" class=\"wp-block-uagb-container uagb-block-06b9683a\">\n<div class=\"wp-block-uagb-image uagb-block-2694d1ee wp-block-uagb-image--layout-default wp-block-uagb-image--effect-static wp-block-uagb-image--align-none\"><figure class=\"wp-block-uagb-image__figure\"><img decoding=\"async\" srcset=\"http:\/\/adc.lu\/wp-content\/uploads\/2025\/10\/2.png ,http:\/\/adc.lu\/wp-content\/uploads\/2025\/10\/2.png 780w, http:\/\/adc.lu\/wp-content\/uploads\/2025\/10\/2.png 360w\" sizes=\"auto, (max-width: 480px) 150px\" src=\"http:\/\/adc.lu\/wp-content\/uploads\/2025\/10\/2.png\" alt=\"ADC angle logo\" class=\"uag-image-284\" width=\"500\" height=\"500\" title=\"ADC angle logo\" loading=\"lazy\" role=\"img\"\/><figcaption class=\"uagb-image-caption\">Artistic residences and productions of new projects<\/figcaption><\/figure><\/div>\n<\/div>\n<\/div><\/div>\n\n\n\n<div class=\"wp-block-uagb-advanced-heading uagb-block-a327b54b\"><h2 class=\"uagb-heading-text\">Upcoming projects<\/h2><\/div>\n\n\n\n\t\t\t<div class=\"wp-block-uagb-post-carousel uagb-post-grid  uagb-post__image-position-background uagb-post__image-enabled uagb-block-8906a468     uagb-post__arrow-outside uagb-post__items uagb-post__columns-1 is-carousel uagb-post__columns-tablet-2 uagb-post__columns-mobile-1\" data-total=\"1\" style=\"\">\n\n\t\t\t\t\t\t\t\t\t\t\t\t<article class=\"uagb-post__inner-wrap\">\t\t\t\t\t\t\t\t<h4 class=\"uagb-post__title uagb-post__text\">\n\t\t\t\t<a href=\"http:\/\/adc.lu\/en\/2025\/10\/20\/visite-guidee-kandinsky-la-musique-des-couleurs\/\" target=\"_self\" rel=\"bookmark noopener noreferrer\">Guided visit at the Philharmonie de Paris - Kadinsky, the music of colors<\/a>\n\t\t\t<\/h4>\n\t\t\t\t\t\t<div class=\"uagb-post__text uagb-post__cta wp-block-button\">\n\t\t\t\t<a class=\"wp-block-button__link uagb-text-link\" style=\"\" href=\"http:\/\/adc.lu\/en\/2025\/10\/20\/visite-guidee-kandinsky-la-musique-des-couleurs\/\" target=\"_self\" rel=\"bookmark noopener noreferrer\">Read More<\/a>\n\t\t\t<\/div>\n\t\t\t\t\t\t<div class='uagb-post__image'>\n\t\t\t\t\t\t\t\t\t<a href=\"http:\/\/adc.lu\/en\/2025\/10\/20\/visite-guidee-kandinsky-la-musique-des-couleurs\/\" target=\"_self\" rel=\"bookmark noopener noreferrer\"><img loading=\"lazy\" decoding=\"async\" width=\"580\" height=\"373\" src=\"https:\/\/adc.lu\/wp-content\/uploads\/2025\/10\/1679px-Kandinsky_-_Jaune_Rouge_Bleu-1024x659.jpg\" class=\"attachment-large size-large\" alt=\"Jaune Rouge Bleu - Kandinsky (1925)\" srcset=\"https:\/\/adc.lu\/wp-content\/uploads\/2025\/10\/1679px-Kandinsky_-_Jaune_Rouge_Bleu-1024x659.jpg 1024w, https:\/\/adc.lu\/wp-content\/uploads\/2025\/10\/1679px-Kandinsky_-_Jaune_Rouge_Bleu-300x193.jpg 300w, https:\/\/adc.lu\/wp-content\/uploads\/2025\/10\/1679px-Kandinsky_-_Jaune_Rouge_Bleu-768x494.jpg 768w, https:\/\/adc.lu\/wp-content\/uploads\/2025\/10\/1679px-Kandinsky_-_Jaune_Rouge_Bleu-1536x988.jpg 1536w, https:\/\/adc.lu\/wp-content\/uploads\/2025\/10\/1679px-Kandinsky_-_Jaune_Rouge_Bleu-1200x772.jpg 1200w, https:\/\/adc.lu\/wp-content\/uploads\/2025\/10\/1679px-Kandinsky_-_Jaune_Rouge_Bleu-600x386.jpg 600w, https:\/\/adc.lu\/wp-content\/uploads\/2025\/10\/1679px-Kandinsky_-_Jaune_Rouge_Bleu.jpg 1679w\" sizes=\"auto, (max-width: 580px) 100vw, 580px\" \/>\t\t\t\t\t<\/a>\n\t\t\t\t\t\t\t\t\t<\/div>\n\t\t\t\n\t\t\t\t\t\t\t\t\t<\/article>\n\t\t\t\t\t\t\t\t\t\t\t<\/div>\n\t\t\t\n\n\n<div class=\"wp-block-uagb-advanced-heading uagb-block-a5f36284\"><h2 class=\"uagb-heading-text\">Articles<\/h2><\/div>\n\n\n\n\t\t\t<div class=\"wp-block-uagb-post-carousel uagb-post-grid  uagb-post__image-position-background uagb-post__image-enabled uagb-block-75bbd619     uagb-post__arrow-outside uagb-post__items uagb-post__columns-1 is-carousel uagb-post__columns-tablet-2 uagb-post__columns-mobile-1\" data-total=\"1\" style=\"\">\n\n\t\t\t\t\t\t\t\t\t\t\t\t<article class=\"uagb-post__inner-wrap\">\t\t\t\t\t\t\t\t<h4 class=\"uagb-post__title uagb-post__text\">\n\t\t\t\t<a href=\"http:\/\/adc.lu\/en\/2025\/10\/21\/micro-a-granada-viii-congreso-internacional-de-sinestesia\/\" target=\"_self\" rel=\"bookmark noopener noreferrer\">Synesthesia at Alcal\u00e1 &#8211; VIII Congreso Internacional De Sinestesia<\/a>\n\t\t\t<\/h4>\n\t\t\t\t\t\t<div class=\"uagb-post__text uagb-post__cta wp-block-button\">\n\t\t\t\t<a class=\"wp-block-button__link uagb-text-link\" style=\"\" href=\"http:\/\/adc.lu\/en\/2025\/10\/21\/micro-a-granada-viii-congreso-internacional-de-sinestesia\/\" target=\"_self\" rel=\"bookmark noopener noreferrer\">Read More<\/a>\n\t\t\t<\/div>\n\t\t\t\t\t\t<div class='uagb-post__image'>\n\t\t\t\t\t\t\t\t\t<a href=\"http:\/\/adc.lu\/en\/2025\/10\/21\/micro-a-granada-viii-congreso-internacional-de-sinestesia\/\" target=\"_self\" rel=\"bookmark noopener noreferrer\"><img loading=\"lazy\" decoding=\"async\" width=\"580\" height=\"324\" src=\"https:\/\/adc.lu\/wp-content\/uploads\/2025\/10\/9527748181_c21fe674b8_k-1024x572.jpg\" class=\"attachment-large size-large\" alt=\"Vue du ch\u00e2teau d&#039;Alcal\u00e1 la Real\" srcset=\"https:\/\/adc.lu\/wp-content\/uploads\/2025\/10\/9527748181_c21fe674b8_k-1024x572.jpg 1024w, https:\/\/adc.lu\/wp-content\/uploads\/2025\/10\/9527748181_c21fe674b8_k-300x168.jpg 300w, https:\/\/adc.lu\/wp-content\/uploads\/2025\/10\/9527748181_c21fe674b8_k-768x429.jpg 768w, https:\/\/adc.lu\/wp-content\/uploads\/2025\/10\/9527748181_c21fe674b8_k-1536x858.jpg 1536w, https:\/\/adc.lu\/wp-content\/uploads\/2025\/10\/9527748181_c21fe674b8_k-18x10.jpg 18w, https:\/\/adc.lu\/wp-content\/uploads\/2025\/10\/9527748181_c21fe674b8_k-1200x671.jpg 1200w, https:\/\/adc.lu\/wp-content\/uploads\/2025\/10\/9527748181_c21fe674b8_k-1980x1107.jpg 1980w, https:\/\/adc.lu\/wp-content\/uploads\/2025\/10\/9527748181_c21fe674b8_k-600x335.jpg 600w, https:\/\/adc.lu\/wp-content\/uploads\/2025\/10\/9527748181_c21fe674b8_k.jpg 2047w\" sizes=\"auto, (max-width: 580px) 100vw, 580px\" \/>\t\t\t\t\t<\/a>\n\t\t\t\t\t\t\t\t\t<\/div>\n\t\t\t\n\t\t\t\t\t\t\t\t\t<\/article>\n\t\t\t\t\t\t\t\t\t\t\t<\/div>\n\t\t\t\n\n\n<div class=\"wp-block-uagb-call-to-action uagb-block-f1db2c2b wp-block-button\"><div class=\"uagb-cta__wrap\"><h2 class=\"uagb-cta__title\">An idea?<\/h2><p class=\"uagb-cta__desc\">Do you see yourself in any of our projects? Do you have a new idea? <\/p><\/div><div class=\"uagb-cta__buttons\"><a href=\"\/en\/contact\/\" class=\"uagb-cta__button-link-wrapper wp-block-button__link\" target=\"_self\" rel=\"noopener noreferrer\">Contact us!<\/a><\/div><\/div>\n\n\n\n<div class=\"wp-block-uagb-separator uagb-block-a362cf3c\"><div class=\"wp-block-uagb-separator__inner\" style=\"--my-background-image:\"><\/div><\/div>\n\n\n\n<h2 class=\"wp-block-heading\">Who are we?<\/h2>\n\n\n\n<div class=\"wp-block-columns is-layout-flex wp-container-core-columns-is-layout-8f761849 wp-block-columns-is-layout-flex\">\n<div class=\"wp-block-column is-layout-flow wp-block-column-is-layout-flow\">\n<div data-aos= \"zoom-out-right\" data-aos-duration=\"400\" data-aos-delay=\"0\" data-aos-easing=\"ease\" data-aos-once=\"true\" class=\"wp-block-uagb-team uagb-team__image-position-left uagb-team__align-left uagb-team__stack-tablet uagb-block-a2fec9aa\"><img decoding=\"async\" class=\"uagb-team__image-crop-circle\" src=\"https:\/\/adc.lu\/wp-content\/uploads\/2025\/10\/IMG_6911-2-150x150.jpg\" alt=\"Photo de Theophile Thierry\" height=\"100\" width=\"100\" loading=\"lazy\"\/><div class=\"uagb-team__content\"><h3 class=\"uagb-team__title\">Th\u00e9ophile THIERRY<\/h3><span class=\"uagb-team__prefix\">Founder and President<\/span><p class=\"uagb-team__desc\">\"Math engineer and pianist, I have always loved any type of exchange!\"<\/p><ul class=\"uagb-team__social-list\"><li class=\"uagb-team__social-icon\"><a href=\"https:\/\/www.linkedin.com\/in\/theophile-thierry\/\" aria-label=\"linkedin\" target=\"_blank\" title=\"\" rel=\"noopener noreferrer\"><svg xmlns=\"https:\/\/www.w3.org\/2000\/svg\" viewbox=\"0 0 448 512\"><path d=\"M416 32H31.9C14.3 32 0 46.5 0 64.3v383.4C0 465.5 14.3 480 31.9 480H416c17.6 0 32-14.5 32-32.3V64.3c0-17.8-14.4-32.3-32-32.3zM135.4 416H69V202.2h66.5V416zm-33.2-243c-21.3 0-38.5-17.3-38.5-38.5S80.9 96 102.2 96c21.2 0 38.5 17.3 38.5 38.5 0 21.3-17.2 38.5-38.5 38.5zm282.1 243h-66.4V312c0-24.8-.5-56.7-34.5-56.7-34.6 0-39.9 27-39.9 54.9V416h-66.4V202.2h63.7v29.2h.9c8.9-16.8 30.6-34.5 62.9-34.5 67.2 0 79.7 44.3 79.7 101.9V416z\"><\/path><\/svg><\/a><\/li><\/ul><\/div><\/div>\n<\/div>\n\n\n\n<div class=\"wp-block-column is-layout-flow wp-block-column-is-layout-flow\">\n<div data-aos= \"zoom-out-left\" data-aos-duration=\"400\" data-aos-delay=\"0\" data-aos-easing=\"ease\" data-aos-once=\"true\" class=\"wp-block-uagb-team uagb-team__image-position-left uagb-team__align-left uagb-team__stack-tablet uagb-block-2e7862dc\"><img decoding=\"async\" class=\"uagb-team__image-crop-circle\" src=\"https:\/\/adc.lu\/wp-content\/uploads\/2025\/10\/EEB4242E-2F35-4356-BA75-17BF891A2022-150x150.jpg\" alt=\"Photo d'Isabela Scheible\" height=\"100\" width=\"100\" loading=\"lazy\"\/><div class=\"uagb-team__content\"><h3 class=\"uagb-team__title\">Isabela SCHEIBLE<\/h3><span class=\"uagb-team__prefix\">Founder and Treasurer<\/span><p class=\"uagb-team__desc\">\"Product manager and dancer, I am always looking for new points of view!\"<\/p><ul class=\"uagb-team__social-list\"><li class=\"uagb-team__social-icon\"><a href=\"https:\/\/www.linkedin.com\/in\/isabela-scheible\/\" aria-label=\"linkedin\" target=\"_blank\" title=\"\" rel=\"noopener noreferrer\"><svg xmlns=\"https:\/\/www.w3.org\/2000\/svg\" viewbox=\"0 0 448 512\"><path d=\"M416 32H31.9C14.3 32 0 46.5 0 64.3v383.4C0 465.5 14.3 480 31.9 480H416c17.6 0 32-14.5 32-32.3V64.3c0-17.8-14.4-32.3-32-32.3zM135.4 416H69V202.2h66.5V416zm-33.2-243c-21.3 0-38.5-17.3-38.5-38.5S80.9 96 102.2 96c21.2 0 38.5 17.3 38.5 38.5 0 21.3-17.2 38.5-38.5 38.5zm282.1 243h-66.4V312c0-24.8-.5-56.7-34.5-56.7-34.6 0-39.9 27-39.9 54.9V416h-66.4V202.2h63.7v29.2h.9c8.9-16.8 30.6-34.5 62.9-34.5 67.2 0 79.7 44.3 79.7 101.9V416z\"><\/path><\/svg><\/a><\/li><\/ul><\/div><\/div>\n<\/div>\n<\/div>\n\n\n\n<p class=\"wp-block-paragraph\"><\/p>\n\n\n\n<p class=\"wp-block-paragraph\"><\/p>\n\n\n\n<p class=\"wp-block-paragraph\"><\/p>\n\n\n\n<p class=\"wp-block-paragraph\"><\/p>","protected":false},"excerpt":{"rendered":"<p>L&rsquo;Atelier des Correspondances vous accueille dans son monde. Notre association a pour but de promouvoir le croisement des arts. Vous \u00eates-vous d\u00e9j\u00e0 demand\u00e9 ce que vous ressentiez lors d&rsquo;un concert ou devant un tableau? Nous oui. Peinture, musique, danse, th\u00e9\u00e2tre, po\u00e9sie&#8230; Tous les moyens sont bons pour briser les barri\u00e8res entre ces disciplines: concerts, expositions, [&hellip;]<\/p>\n","protected":false},"author":1,"featured_media":238,"parent":0,"menu_order":0,"comment_status":"closed","ping_status":"closed","template":"templates\/template-full-width.php","meta":{"_crdt_document":"","_uag_custom_page_level_css":"","episode_type":"","audio_file":"","podmotor_file_id":"","podmotor_episode_id":"","cover_image":"","cover_image_id":"","duration":"","filesize":"","filesize_raw":"","date_recorded":"","explicit":"","block":"","itunes_episode_number":"","itunes_title":"","itunes_season_number":"","itunes_episode_type":"","footnotes":""},"class_list":["post-55","page","type-page","status-publish","has-post-thumbnail","hentry"],"uagb_featured_image_src":{"full":["https:\/\/adc.lu\/wp-content\/uploads\/2025\/10\/Atelier-des-Corrrespondances.png",1025,576,false],"thumbnail":["https:\/\/adc.lu\/wp-content\/uploads\/2025\/10\/Atelier-des-Corrrespondances-150x150.png",150,150,true],"medium":["https:\/\/adc.lu\/wp-content\/uploads\/2025\/10\/Atelier-des-Corrrespondances-300x169.png",300,169,true],"medium_large":["https:\/\/adc.lu\/wp-content\/uploads\/2025\/10\/Atelier-des-Corrrespondances-768x432.png",580,326,true],"large":["https:\/\/adc.lu\/wp-content\/uploads\/2025\/10\/Atelier-des-Corrrespondances.png",580,326,false],"1536x1536":["https:\/\/adc.lu\/wp-content\/uploads\/2025\/10\/Atelier-des-Corrrespondances.png",1025,576,false],"2048x2048":["https:\/\/adc.lu\/wp-content\/uploads\/2025\/10\/Atelier-des-Corrrespondances.png",1025,576,false],"trp-custom-language-flag":["https:\/\/adc.lu\/wp-content\/uploads\/2025\/10\/Atelier-des-Corrrespondances.png",18,10,false],"post-thumbnail":["https:\/\/adc.lu\/wp-content\/uploads\/2025\/10\/Atelier-des-Corrrespondances.png",1025,576,false],"twentytwenty-fullscreen":["https:\/\/adc.lu\/wp-content\/uploads\/2025\/10\/Atelier-des-Corrrespondances.png",1025,576,false],"woocommerce_thumbnail":["https:\/\/adc.lu\/wp-content\/uploads\/2025\/10\/Atelier-des-Corrrespondances-450x450.png",450,450,true],"woocommerce_single":["https:\/\/adc.lu\/wp-content\/uploads\/2025\/10\/Atelier-des-Corrrespondances-600x337.png",600,337,true],"woocommerce_gallery_thumbnail":["https:\/\/adc.lu\/wp-content\/uploads\/2025\/10\/Atelier-des-Corrrespondances-100x100.png",100,100,true]},"uagb_author_info":{"display_name":"admin","author_link":"http:\/\/adc.lu\/en\/author\/admin\/"},"uagb_comment_info":0,"uagb_excerpt":"L&rsquo;Atelier des Correspondances vous accueille dans son monde. Notre association a pour but de promouvoir le croisement des arts. Vous \u00eates-vous d\u00e9j\u00e0 demand\u00e9 ce que vous ressentiez lors d&rsquo;un concert ou devant un tableau? Nous oui. Peinture, musique, danse, th\u00e9\u00e2tre, po\u00e9sie&#8230; Tous les moyens sont bons pour briser les barri\u00e8res entre ces disciplines: concerts, expositions,&hellip;","_links":{"self":[{"href":"http:\/\/adc.lu\/en\/wp-json\/wp\/v2\/pages\/55","targetHints":{"allow":["GET"]}}],"collection":[{"href":"http:\/\/adc.lu\/en\/wp-json\/wp\/v2\/pages"}],"about":[{"href":"http:\/\/adc.lu\/en\/wp-json\/wp\/v2\/types\/page"}],"author":[{"embeddable":true,"href":"http:\/\/adc.lu\/en\/wp-json\/wp\/v2\/users\/1"}],"replies":[{"embeddable":true,"href":"http:\/\/adc.lu\/en\/wp-json\/wp\/v2\/comments?post=55"}],"version-history":[{"count":61,"href":"http:\/\/adc.lu\/en\/wp-json\/wp\/v2\/pages\/55\/revisions"}],"predecessor-version":[{"id":474,"href":"http:\/\/adc.lu\/en\/wp-json\/wp\/v2\/pages\/55\/revisions\/474"}],"wp:featuredmedia":[{"embeddable":true,"href":"http:\/\/adc.lu\/en\/wp-json\/wp\/v2\/media\/238"}],"wp:attachment":[{"href":"http:\/\/adc.lu\/en\/wp-json\/wp\/v2\/media?parent=55"}],"curies":[{"name":"wp","href":"https:\/\/api.w.org\/{rel}","templated":true}]}}